{"id":22,"date":"2021-10-04T19:49:17","date_gmt":"2021-10-04T19:49:17","guid":{"rendered":"https:\/\/gut-ettenhausen.website\/?page_id=22"},"modified":"2025-05-07T11:50:42","modified_gmt":"2025-05-07T11:50:42","slug":"reitlehrer","status":"publish","type":"page","link":"https:\/\/gut-ettenhausen.de\/?page_id=22","title":{"rendered":"Reitlehrer"},"content":{"rendered":"<p>[vc_row content_placement=&#8220;top&#8220; row_content_width=&#8220;grid&#8220; css=&#8220;.vc_custom_1636829858876{padding-top: 100px !important;padding-bottom: 100px !important;}&#8220;][vc_column offset=&#8220;vc_col-lg-3 vc_col-md-12&#8243;]<div class=\"mkdf-single-image-holder   \">\n    <div class=\"mkdf-si-inner\" >\n                                    <img loading=\"lazy\" decoding=\"async\" width=\"342\" height=\"342\" src=\"https:\/\/gut-ettenhausen.de\/wp-content\/uploads\/2022\/02\/Anne_Roedl.jpg\" class=\"attachment-full size-full\" alt=\"\" srcset=\"https:\/\/gut-ettenhausen.de\/wp-content\/uploads\/2022\/02\/Anne_Roedl.jpg 342w, https:\/\/gut-ettenhausen.de\/wp-content\/uploads\/2022\/02\/Anne_Roedl-300x300.jpg 300w, https:\/\/gut-ettenhausen.de\/wp-content\/uploads\/2022\/02\/Anne_Roedl-150x150.jpg 150w, https:\/\/gut-ettenhausen.de\/wp-content\/uploads\/2022\/02\/Anne_Roedl-100x100.jpg 100w\" sizes=\"auto, (max-width: 342px) 100vw, 342px\" \/>                        <\/div>\n<\/div>[\/vc_column][vc_column offset=&#8220;vc_col-lg-9 vc_col-md-12&#8243;]<div class=\"mkdf-section-title-holder   mkdf-st-subtitle-pos-under\" style=\"text-align: left\">\n\t<div class=\"mkdf-st-inner\">\n\t\t\t\t\t\t\t<h4 class=\"mkdf-st-title\" >\n\t\t\t\tAnne R\u00f6dl\t\t\t<\/h4>\n\t\t\t\t<div class=\"mkdf-separator-holder clearfix  mkdf-separator-left \" >\n\t\t<div class=\"mkdf-separator\" style=\"width: 85px;border-bottom-width: 2px\"><\/div>\n\t<\/div>\n                    <h5 class=\"mkdf-st-subtitle\" >\n                LEITUNG REITSCHULE            <\/h5>\n        \t\t\t<\/div>\n<\/div><div class=\"mkdf-elements-holder   mkdf-one-column  mkdf-responsive-mode-768 \" ><div class=\"mkdf-eh-item     \"  data-item-class=\"mkdf-eh-custom-9988\" data-1366-1600=\"0 10% 0 0\" data-1024-1366=\"0 10% 0 0\" data-768-1024=\"0 0 0 0%\" data-680-768=\"0 0% 0 0\" data-680=\"0 0% 0 0\">\n\t<div class=\"mkdf-eh-item-inner\">\n\t\t<div class=\"mkdf-eh-item-content mkdf-eh-custom-9988\" style=\"padding: 0 24% 0 0\">\n\t\t\t[vc_column_text]<\/p>\n<p class=\"bodytext\">Mein Name ist Anne, ich bin 24 Jahre alt und seit Oktober 2019 im Team der Reitschule.<\/p>\n<p class=\"bodytext\">Aktuell studiere ich Englisch und Spanisch auf Lehramt an der Universit\u00e4t Bonn. Ich reite seit meinem 10. Lebensjahr und habe seit mehreren Jahren ein eigenes Pferd, welches auf Gut Ettenhausen steht und mit dem ich in der Dressur bis zur\u00a0<strong>Klasse M<\/strong>\u00a0unterwegs bin.<\/p>\n<p class=\"bodytext\">Die Arbeit und der Umgang mit Pferden macht mir unglaublich viel Spa\u00df und fasziniert mich jeden Tag aufs Neue. Besonders sch\u00f6n finde ich es zu beobachten, wie Reiter und Pferd \u00fcber sich hinauswachsen und zu einem Team werden.<\/p>\n<p>[\/vc_column_text]\t\t<\/div>\n\t<\/div>\n<\/div><\/div>[\/vc_column][\/vc_row][vc_row content_placement=&#8220;top&#8220; row_content_width=&#8220;grid&#8220; css=&#8220;.vc_custom_1636829858876{padding-top: 100px !important;padding-bottom: 100px !important;}&#8220;][vc_column offset=&#8220;vc_col-lg-3 vc_col-md-12&#8243;]<div class=\"mkdf-single-image-holder   \">\n    <div class=\"mkdf-si-inner\" >\n                                    <img loading=\"lazy\" decoding=\"async\" width=\"773\" height=\"932\" src=\"https:\/\/gut-ettenhausen.de\/wp-content\/uploads\/2022\/02\/reitlehrerin_XY.jpg\" class=\"attachment-full size-full\" alt=\"\" srcset=\"https:\/\/gut-ettenhausen.de\/wp-content\/uploads\/2022\/02\/reitlehrerin_XY.jpg 773w, https:\/\/gut-ettenhausen.de\/wp-content\/uploads\/2022\/02\/reitlehrerin_XY-249x300.jpg 249w, https:\/\/gut-ettenhausen.de\/wp-content\/uploads\/2022\/02\/reitlehrerin_XY-768x926.jpg 768w, https:\/\/gut-ettenhausen.de\/wp-content\/uploads\/2022\/02\/reitlehrerin_XY-600x723.jpg 600w\" sizes=\"auto, (max-width: 773px) 100vw, 773px\" \/>                        <\/div>\n<\/div>[\/vc_column][vc_column offset=&#8220;vc_col-lg-9 vc_col-md-12&#8243;]<div class=\"mkdf-section-title-holder   mkdf-st-subtitle-pos-under\" style=\"text-align: left\">\n\t<div class=\"mkdf-st-inner\">\n\t\t\t\t\t\t\t<h4 class=\"mkdf-st-title\" >\n\t\t\t\tFranziska Sch\u00fcler\t\t\t<\/h4>\n\t\t\t\t<div class=\"mkdf-separator-holder clearfix  mkdf-separator-left \" >\n\t\t<div class=\"mkdf-separator\" style=\"width: 85px;border-bottom-width: 2px\"><\/div>\n\t<\/div>\n                    <h5 class=\"mkdf-st-subtitle\" >\n                Reitlehrerin            <\/h5>\n        \t\t\t<\/div>\n<\/div><div class=\"mkdf-elements-holder   mkdf-one-column  mkdf-responsive-mode-768 \" ><div class=\"mkdf-eh-item     \"  data-item-class=\"mkdf-eh-custom-2277\" data-1366-1600=\"0 10% 0 0\" data-1024-1366=\"0 10% 0 0\" data-768-1024=\"0 0 0 0%\" data-680-768=\"0 0% 0 0\" data-680=\"0 0% 0 0\">\n\t<div class=\"mkdf-eh-item-inner\">\n\t\t<div class=\"mkdf-eh-item-content mkdf-eh-custom-2277\" style=\"padding: 0 24% 0 0\">\n\t\t\t[vc_column_text]Begonnen habe ich auf Gut Ettenhausen vor zehn Jahren mit Reitunterricht und durfte seitdem nach und nach das Reitschulteam bei immer mehr T\u00e4tigkeiten unterst\u00fctzen. Die Arbeit mit den Pferden und der Umgang mit den Kindern macht mir sehr viel Spa\u00df. Ich biete Ponyf\u00fchren an und habe vor kurzem auch eine Voltigiergruppe \u00fcbernommen. Ich freue mich auf alle weiteren Aufgaben.[\/vc_column_text]\t\t<\/div>\n\t<\/div>\n<\/div><\/div>[\/vc_column][\/vc_row]<\/p>\n","protected":false},"excerpt":{"rendered":"<p>[vc_row content_placement=&#8220;top&#8220; row_content_width=&#8220;grid&#8220; css=&#8220;.vc_custom_1636829858876{padding-top: 100px !important;padding-bottom: 100px !important;}&#8220;][vc_column offset=&#8220;vc_col-lg-3 vc_col-md-12&#8243;][\/vc_column][vc_column offset=&#8220;vc_col-lg-9 vc_col-md-12&#8243;][\/vc_column][\/vc_row][vc_row content_placement=&#8220;top&#8220; row_content_width=&#8220;grid&#8220; css=&#8220;.vc_custom_1636829858876{padding-top: 100px !important;padding-bottom: 100px !important;}&#8220;][vc_column offset=&#8220;vc_col-lg-3 vc_col-md-12&#8243;][\/vc_column][vc_column offset=&#8220;vc_col-lg-9 vc_col-md-12&#8243;][\/vc_column][\/vc_row]<\/p>\n","protected":false},"author":1,"featured_media":0,"parent":0,"menu_order":0,"comment_status":"closed","ping_status":"closed","template":"","meta":{"footnotes":""},"class_list":["post-22","page","type-page","status-publish","hentry"],"yoast_head":"<!-- This site is optimized with the Yoast SEO plugin v21.5 - https:\/\/yoast.com\/wordpress\/plugins\/seo\/ -->\n<title>Reitlehrer - Gut Ettenhausen<\/title>\n<meta name=\"robots\" content=\"index, follow, max-snippet:-1, max-image-preview:large, max-video-preview:-1\" \/>\n<link rel=\"canonical\" href=\"https:\/\/gut-ettenhausen.de\/?page_id=22\" \/>\n<meta property=\"og:locale\" content=\"de_DE\" \/>\n<meta property=\"og:type\" content=\"article\" \/>\n<meta property=\"og:title\" content=\"Reitlehrer - Gut Ettenhausen\" \/>\n<meta property=\"og:description\" content=\"[vc_row content_placement=&#8220;top&#8220; row_content_width=&#8220;grid&#8220; css=&#8220;.vc_custom_1636829858876{padding-top: 100px !important;padding-bottom: 100px !important;}&#8220;][vc_column offset=&#8220;vc_col-lg-3 vc_col-md-12&#8243;][\/vc_column][vc_column offset=&#8220;vc_col-lg-9 vc_col-md-12&#8243;][\/vc_column][\/vc_row][vc_row content_placement=&#8220;top&#8220; row_content_width=&#8220;grid&#8220; css=&#8220;.vc_custom_1636829858876{padding-top: 100px !important;padding-bottom: 100px !important;}&#8220;][vc_column offset=&#8220;vc_col-lg-3 vc_col-md-12&#8243;][\/vc_column][vc_column offset=&#8220;vc_col-lg-9 vc_col-md-12&#8243;][\/vc_column][\/vc_row]\" \/>\n<meta property=\"og:url\" content=\"https:\/\/gut-ettenhausen.de\/?page_id=22\" \/>\n<meta property=\"og:site_name\" content=\"Gut Ettenhausen\" \/>\n<meta property=\"article:modified_time\" content=\"2025-05-07T11:50:42+00:00\" \/>\n<meta name=\"twitter:card\" content=\"summary_large_image\" \/>\n<meta name=\"twitter:label1\" content=\"Gesch\u00e4tzte Lesezeit\" \/>\n\t<meta name=\"twitter:data1\" content=\"2\u00a0Minuten\" \/>\n<script type=\"application\/ld+json\" class=\"yoast-schema-graph\">{\"@context\":\"https:\/\/schema.org\",\"@graph\":[{\"@type\":\"WebPage\",\"@id\":\"https:\/\/gut-ettenhausen.de\/?page_id=22\",\"url\":\"https:\/\/gut-ettenhausen.de\/?page_id=22\",\"name\":\"Reitlehrer - Gut Ettenhausen\",\"isPartOf\":{\"@id\":\"https:\/\/gut-ettenhausen.de\/#website\"},\"datePublished\":\"2021-10-04T19:49:17+00:00\",\"dateModified\":\"2025-05-07T11:50:42+00:00\",\"breadcrumb\":{\"@id\":\"https:\/\/gut-ettenhausen.de\/?page_id=22#breadcrumb\"},\"inLanguage\":\"de\",\"potentialAction\":[{\"@type\":\"ReadAction\",\"target\":[\"https:\/\/gut-ettenhausen.de\/?page_id=22\"]}]},{\"@type\":\"BreadcrumbList\",\"@id\":\"https:\/\/gut-ettenhausen.de\/?page_id=22#breadcrumb\",\"itemListElement\":[{\"@type\":\"ListItem\",\"position\":1,\"name\":\"Startseite\",\"item\":\"https:\/\/gut-ettenhausen.de\/\"},{\"@type\":\"ListItem\",\"position\":2,\"name\":\"Reitlehrer\"}]},{\"@type\":\"WebSite\",\"@id\":\"https:\/\/gut-ettenhausen.de\/#website\",\"url\":\"https:\/\/gut-ettenhausen.de\/\",\"name\":\"Gut Ettenhausen\",\"description\":\"Website des Gut Ettenhausen\",\"potentialAction\":[{\"@type\":\"SearchAction\",\"target\":{\"@type\":\"EntryPoint\",\"urlTemplate\":\"https:\/\/gut-ettenhausen.de\/?s={search_term_string}\"},\"query-input\":\"required name=search_term_string\"}],\"inLanguage\":\"de\"}]}<\/script>\n<!-- \/ Yoast SEO plugin. -->","yoast_head_json":{"title":"Reitlehrer - Gut Ettenhausen","robots":{"index":"index","follow":"follow","max-snippet":"max-snippet:-1","max-image-preview":"max-image-preview:large","max-video-preview":"max-video-preview:-1"},"canonical":"https:\/\/gut-ettenhausen.de\/?page_id=22","og_locale":"de_DE","og_type":"article","og_title":"Reitlehrer - Gut Ettenhausen","og_description":"[vc_row content_placement=&#8220;top&#8220; row_content_width=&#8220;grid&#8220; css=&#8220;.vc_custom_1636829858876{padding-top: 100px !important;padding-bottom: 100px !important;}&#8220;][vc_column offset=&#8220;vc_col-lg-3 vc_col-md-12&#8243;][\/vc_column][vc_column offset=&#8220;vc_col-lg-9 vc_col-md-12&#8243;][\/vc_column][\/vc_row][vc_row content_placement=&#8220;top&#8220; row_content_width=&#8220;grid&#8220; css=&#8220;.vc_custom_1636829858876{padding-top: 100px !important;padding-bottom: 100px !important;}&#8220;][vc_column offset=&#8220;vc_col-lg-3 vc_col-md-12&#8243;][\/vc_column][vc_column offset=&#8220;vc_col-lg-9 vc_col-md-12&#8243;][\/vc_column][\/vc_row]","og_url":"https:\/\/gut-ettenhausen.de\/?page_id=22","og_site_name":"Gut Ettenhausen","article_modified_time":"2025-05-07T11:50:42+00:00","twitter_card":"summary_large_image","twitter_misc":{"Gesch\u00e4tzte Lesezeit":"2\u00a0Minuten"},"schema":{"@context":"https:\/\/schema.org","@graph":[{"@type":"WebPage","@id":"https:\/\/gut-ettenhausen.de\/?page_id=22","url":"https:\/\/gut-ettenhausen.de\/?page_id=22","name":"Reitlehrer - Gut Ettenhausen","isPartOf":{"@id":"https:\/\/gut-ettenhausen.de\/#website"},"datePublished":"2021-10-04T19:49:17+00:00","dateModified":"2025-05-07T11:50:42+00:00","breadcrumb":{"@id":"https:\/\/gut-ettenhausen.de\/?page_id=22#breadcrumb"},"inLanguage":"de","potentialAction":[{"@type":"ReadAction","target":["https:\/\/gut-ettenhausen.de\/?page_id=22"]}]},{"@type":"BreadcrumbList","@id":"https:\/\/gut-ettenhausen.de\/?page_id=22#breadcrumb","itemListElement":[{"@type":"ListItem","position":1,"name":"Startseite","item":"https:\/\/gut-ettenhausen.de\/"},{"@type":"ListItem","position":2,"name":"Reitlehrer"}]},{"@type":"WebSite","@id":"https:\/\/gut-ettenhausen.de\/#website","url":"https:\/\/gut-ettenhausen.de\/","name":"Gut Ettenhausen","description":"Website des Gut Ettenhausen","potentialAction":[{"@type":"SearchAction","target":{"@type":"EntryPoint","urlTemplate":"https:\/\/gut-ettenhausen.de\/?s={search_term_string}"},"query-input":"required name=search_term_string"}],"inLanguage":"de"}]}},"_links":{"self":[{"href":"https:\/\/gut-ettenhausen.de\/index.php?rest_route=\/wp\/v2\/pages\/22","targetHints":{"allow":["GET"]}}],"collection":[{"href":"https:\/\/gut-ettenhausen.de\/index.php?rest_route=\/wp\/v2\/pages"}],"about":[{"href":"https:\/\/gut-ettenhausen.de\/index.php?rest_route=\/wp\/v2\/types\/page"}],"author":[{"embeddable":true,"href":"https:\/\/gut-ettenhausen.de\/index.php?rest_route=\/wp\/v2\/users\/1"}],"replies":[{"embeddable":true,"href":"https:\/\/gut-ettenhausen.de\/index.php?rest_route=%2Fwp%2Fv2%2Fcomments&post=22"}],"version-history":[{"count":38,"href":"https:\/\/gut-ettenhausen.de\/index.php?rest_route=\/wp\/v2\/pages\/22\/revisions"}],"predecessor-version":[{"id":163,"href":"https:\/\/gut-ettenhausen.de\/index.php?rest_route=\/wp\/v2\/pages\/22\/revisions\/163"}],"wp:attachment":[{"href":"https:\/\/gut-ettenhausen.de\/index.php?rest_route=%2Fwp%2Fv2%2Fmedia&parent=22"}],"curies":[{"name":"wp","href":"https:\/\/api.w.org\/{rel}","templated":true}]}}