{"id":26,"date":"2021-10-04T19:49:17","date_gmt":"2021-10-04T19:49:17","guid":{"rendered":"https:\/\/gut-ettenhausen.website\/?page_id=26"},"modified":"2025-09-01T16:40:44","modified_gmt":"2025-09-01T16:40:44","slug":"preisliste","status":"publish","type":"page","link":"https:\/\/gut-ettenhausen.de\/?page_id=26","title":{"rendered":"Preisliste"},"content":{"rendered":"<p>[vc_row row_content_width=&#8220;grid&#8220; row_background_lines=&#8220;none&#8220;][vc_column][vc_column_text]<strong>Der Monatsbeitrag f\u00fcr eine Reitbeteiligung f\u00fcr 2x pro Woche betr\u00e4gt 250 \u20ac und beinhaltet:<\/strong><\/p>\n<ul>\n<li>1x pro Woche Unterricht (5er Gruppe)<\/li>\n<li>1x pro Woche freies Reiten<\/li>\n<\/ul>\n<p>[\/vc_column_text]<div class=\"mkdf-separator-holder clearfix  mkdf-separator-center \" >\n\t\t<div class=\"mkdf-separator\" style=\"border-style: dashed;width: 100%;border-bottom-width: 1px\"><\/div>\n\t<\/div>\n[vc_column_text]<strong>Zus\u00e4tzlich <u>mit einer Reitbeteiligung<\/u> kann folgendes gebucht werden:<\/strong><\/p>\n<ul>\n<li>Einzelstunde (30 Minuten) 15,-EUR<\/li>\n<li>Ausritt (2 Stunden) 20,- EUR<\/li>\n<\/ul>\n<p>[\/vc_column_text]<div class=\"mkdf-separator-holder clearfix  mkdf-separator-center \" >\n\t\t<div class=\"mkdf-separator\" style=\"border-style: solid;width: 100%;border-bottom-width: 1px\"><\/div>\n\t<\/div>\n[vc_column_text]<strong>Ohne Reitbeteiligung kann folgendes gebucht werden:<\/strong><\/p>\n<ul>\n<li>Unterrichtsart Einzelkarte<\/li>\n<li>Longenstunde 40,- EUR<\/li>\n<li>Einzelstunde (30 Minuten) 40,- EUR<\/li>\n<li>Einzelstunde (Privatpferd) 25,- EUR<\/li>\n<li>Gruppenstunde (Privatpferd) 20,- EUR<\/li>\n<li>Voltigieren Monatspaket (1x pro Woche) 70,- EUR<\/li>\n<\/ul>\n<p>[\/vc_column_text][vc_column_text]<b>Probestunde f\u00fcr eine Reitbeteiligung 30.- EUR<\/b>[\/vc_column_text][\/vc_column][\/vc_row]<\/p>\n","protected":false},"excerpt":{"rendered":"<p>[vc_row row_content_width=&#8220;grid&#8220; row_background_lines=&#8220;none&#8220;][vc_column][vc_column_text]Der Monatsbeitrag f\u00fcr eine Reitbeteiligung f\u00fcr 2x pro Woche betr\u00e4gt 250 \u20ac und beinhaltet: 1x pro Woche Unterricht (5er Gruppe) 1x pro Woche freies Reiten [\/vc_column_text][vc_column_text]Zus\u00e4tzlich mit einer Reitbeteiligung kann folgendes gebucht werden: Einzelstunde (30 Minuten) 15,-EUR Ausritt [&hellip;]<\/p>\n","protected":false},"author":1,"featured_media":0,"parent":0,"menu_order":0,"comment_status":"closed","ping_status":"closed","template":"","meta":{"footnotes":""},"class_list":["post-26","page","type-page","status-publish","hentry"],"yoast_head":"<!-- This site is optimized with the Yoast SEO plugin v21.5 - https:\/\/yoast.com\/wordpress\/plugins\/seo\/ -->\n<title>Preisliste - Gut Ettenhausen<\/title>\n<meta name=\"robots\" content=\"index, follow, max-snippet:-1, max-image-preview:large, max-video-preview:-1\" \/>\n<link rel=\"canonical\" href=\"https:\/\/gut-ettenhausen.de\/?page_id=26\" \/>\n<meta property=\"og:locale\" content=\"de_DE\" \/>\n<meta property=\"og:type\" content=\"article\" \/>\n<meta property=\"og:title\" content=\"Preisliste - Gut Ettenhausen\" \/>\n<meta property=\"og:description\" content=\"[vc_row row_content_width=&#8220;grid&#8220; row_background_lines=&#8220;none&#8220;][vc_column][vc_column_text]Der Monatsbeitrag f\u00fcr eine Reitbeteiligung f\u00fcr 2x pro Woche betr\u00e4gt 250 \u20ac und beinhaltet: 1x pro Woche Unterricht (5er Gruppe) 1x pro Woche freies Reiten [\/vc_column_text][vc_column_text]Zus\u00e4tzlich mit einer Reitbeteiligung kann folgendes gebucht werden: Einzelstunde (30 Minuten) 15,-EUR Ausritt [&hellip;]\" \/>\n<meta property=\"og:url\" content=\"https:\/\/gut-ettenhausen.de\/?page_id=26\" \/>\n<meta property=\"og:site_name\" content=\"Gut Ettenhausen\" \/>\n<meta property=\"article:modified_time\" content=\"2025-09-01T16:40:44+00:00\" \/>\n<meta name=\"twitter:card\" content=\"summary_large_image\" \/>\n<meta name=\"twitter:label1\" content=\"Gesch\u00e4tzte Lesezeit\" \/>\n\t<meta name=\"twitter:data1\" content=\"1\u00a0Minute\" \/>\n<script type=\"application\/ld+json\" class=\"yoast-schema-graph\">{\"@context\":\"https:\/\/schema.org\",\"@graph\":[{\"@type\":\"WebPage\",\"@id\":\"https:\/\/gut-ettenhausen.de\/?page_id=26\",\"url\":\"https:\/\/gut-ettenhausen.de\/?page_id=26\",\"name\":\"Preisliste - Gut Ettenhausen\",\"isPartOf\":{\"@id\":\"https:\/\/gut-ettenhausen.de\/#website\"},\"datePublished\":\"2021-10-04T19:49:17+00:00\",\"dateModified\":\"2025-09-01T16:40:44+00:00\",\"breadcrumb\":{\"@id\":\"https:\/\/gut-ettenhausen.de\/?page_id=26#breadcrumb\"},\"inLanguage\":\"de\",\"potentialAction\":[{\"@type\":\"ReadAction\",\"target\":[\"https:\/\/gut-ettenhausen.de\/?page_id=26\"]}]},{\"@type\":\"BreadcrumbList\",\"@id\":\"https:\/\/gut-ettenhausen.de\/?page_id=26#breadcrumb\",\"itemListElement\":[{\"@type\":\"ListItem\",\"position\":1,\"name\":\"Startseite\",\"item\":\"https:\/\/gut-ettenhausen.de\/\"},{\"@type\":\"ListItem\",\"position\":2,\"name\":\"Preisliste\"}]},{\"@type\":\"WebSite\",\"@id\":\"https:\/\/gut-ettenhausen.de\/#website\",\"url\":\"https:\/\/gut-ettenhausen.de\/\",\"name\":\"Gut Ettenhausen\",\"description\":\"Website des Gut Ettenhausen\",\"potentialAction\":[{\"@type\":\"SearchAction\",\"target\":{\"@type\":\"EntryPoint\",\"urlTemplate\":\"https:\/\/gut-ettenhausen.de\/?s={search_term_string}\"},\"query-input\":\"required name=search_term_string\"}],\"inLanguage\":\"de\"}]}<\/script>\n<!-- \/ Yoast SEO plugin. -->","yoast_head_json":{"title":"Preisliste - Gut Ettenhausen","robots":{"index":"index","follow":"follow","max-snippet":"max-snippet:-1","max-image-preview":"max-image-preview:large","max-video-preview":"max-video-preview:-1"},"canonical":"https:\/\/gut-ettenhausen.de\/?page_id=26","og_locale":"de_DE","og_type":"article","og_title":"Preisliste - Gut Ettenhausen","og_description":"[vc_row row_content_width=&#8220;grid&#8220; row_background_lines=&#8220;none&#8220;][vc_column][vc_column_text]Der Monatsbeitrag f\u00fcr eine Reitbeteiligung f\u00fcr 2x pro Woche betr\u00e4gt 250 \u20ac und beinhaltet: 1x pro Woche Unterricht (5er Gruppe) 1x pro Woche freies Reiten [\/vc_column_text][vc_column_text]Zus\u00e4tzlich mit einer Reitbeteiligung kann folgendes gebucht werden: Einzelstunde (30 Minuten) 15,-EUR Ausritt [&hellip;]","og_url":"https:\/\/gut-ettenhausen.de\/?page_id=26","og_site_name":"Gut Ettenhausen","article_modified_time":"2025-09-01T16:40:44+00:00","twitter_card":"summary_large_image","twitter_misc":{"Gesch\u00e4tzte Lesezeit":"1\u00a0Minute"},"schema":{"@context":"https:\/\/schema.org","@graph":[{"@type":"WebPage","@id":"https:\/\/gut-ettenhausen.de\/?page_id=26","url":"https:\/\/gut-ettenhausen.de\/?page_id=26","name":"Preisliste - Gut Ettenhausen","isPartOf":{"@id":"https:\/\/gut-ettenhausen.de\/#website"},"datePublished":"2021-10-04T19:49:17+00:00","dateModified":"2025-09-01T16:40:44+00:00","breadcrumb":{"@id":"https:\/\/gut-ettenhausen.de\/?page_id=26#breadcrumb"},"inLanguage":"de","potentialAction":[{"@type":"ReadAction","target":["https:\/\/gut-ettenhausen.de\/?page_id=26"]}]},{"@type":"BreadcrumbList","@id":"https:\/\/gut-ettenhausen.de\/?page_id=26#breadcrumb","itemListElement":[{"@type":"ListItem","position":1,"name":"Startseite","item":"https:\/\/gut-ettenhausen.de\/"},{"@type":"ListItem","position":2,"name":"Preisliste"}]},{"@type":"WebSite","@id":"https:\/\/gut-ettenhausen.de\/#website","url":"https:\/\/gut-ettenhausen.de\/","name":"Gut Ettenhausen","description":"Website des Gut Ettenhausen","potentialAction":[{"@type":"SearchAction","target":{"@type":"EntryPoint","urlTemplate":"https:\/\/gut-ettenhausen.de\/?s={search_term_string}"},"query-input":"required name=search_term_string"}],"inLanguage":"de"}]}},"_links":{"self":[{"href":"https:\/\/gut-ettenhausen.de\/index.php?rest_route=\/wp\/v2\/pages\/26","targetHints":{"allow":["GET"]}}],"collection":[{"href":"https:\/\/gut-ettenhausen.de\/index.php?rest_route=\/wp\/v2\/pages"}],"about":[{"href":"https:\/\/gut-ettenhausen.de\/index.php?rest_route=\/wp\/v2\/types\/page"}],"author":[{"embeddable":true,"href":"https:\/\/gut-ettenhausen.de\/index.php?rest_route=\/wp\/v2\/users\/1"}],"replies":[{"embeddable":true,"href":"https:\/\/gut-ettenhausen.de\/index.php?rest_route=%2Fwp%2Fv2%2Fcomments&post=26"}],"version-history":[{"count":22,"href":"https:\/\/gut-ettenhausen.de\/index.php?rest_route=\/wp\/v2\/pages\/26\/revisions"}],"predecessor-version":[{"id":812,"href":"https:\/\/gut-ettenhausen.de\/index.php?rest_route=\/wp\/v2\/pages\/26\/revisions\/812"}],"wp:attachment":[{"href":"https:\/\/gut-ettenhausen.de\/index.php?rest_route=%2Fwp%2Fv2%2Fmedia&parent=26"}],"curies":[{"name":"wp","href":"https:\/\/api.w.org\/{rel}","templated":true}]}}