{"id":329,"date":"2021-11-13T21:29:26","date_gmt":"2021-11-13T21:29:26","guid":{"rendered":"https:\/\/gut-ettenhausen.website\/?page_id=329"},"modified":"2025-09-01T16:39:56","modified_gmt":"2025-09-01T16:39:56","slug":"pferde","status":"publish","type":"page","link":"https:\/\/gut-ettenhausen.de\/?page_id=329","title":{"rendered":"Reitpferde"},"content":{"rendered":"<p>[vc_section][vc_row][vc_column][vc_column_text]<span data-contrast=\"none\">Auf Gut Ettenhausen wohnen insgesamt 12 Schulpferde\/ Ponies, die bei unseren kleinen und gro\u00dfen Reitsch\u00fclern auf Ihren individuellen\u202f Leistungsstand, egal ob Einsteiger oder erfahrener Reiter, eingehen.<\/span><span data-ccp-props=\"{&quot;134233117&quot;:true,&quot;134233118&quot;:true,&quot;201341983&quot;:0,&quot;335559740&quot;:240}\">\u00a0<\/span><\/p>\n<p><span data-contrast=\"none\">Neben dem Schulbetrieb werden alle unsere Pferde t\u00e4glich f\u00fcr mehrere Stunden auf unsere Weiden und\/oder Paddocks gebracht.<\/span><span data-ccp-props=\"{&quot;134233117&quot;:true,&quot;134233118&quot;:true,&quot;201341983&quot;:0,&quot;335559740&quot;:240}\">\u00a0<\/span><\/p>\n<p><span data-contrast=\"none\">Zum Reitunterricht geh\u00f6rt auch die Pflege der Pferde, die von Ihnen, als Reitsch\u00fcler mit in den Aufgabenbereich geh\u00f6rt.<\/span><span data-ccp-props=\"{&quot;134233117&quot;:true,&quot;134233118&quot;:true,&quot;201341983&quot;:0,&quot;335559740&quot;:240}\">\u00a0<\/span>[\/vc_column_text][\/vc_column][\/vc_row][\/vc_section][vc_section el_class=&#8220;section-padding&#8220;][vc_row el_id=&#8220;MYID_HERE&#8220;][vc_column width=&#8220;1\/3&#8243;][vc_column_text]<\/p>\n<h6>Export<\/h6>\n<p>[\/vc_column_text][vc_empty_space height=&#8220;8px&#8220;]<div class=\"mkdf-single-image-holder  mkdf-has-shadow mkdf-image-behavior-lightbox\">\n    <div class=\"mkdf-si-inner\" >\n                    <a itemprop=\"image\" href=\"https:\/\/gut-ettenhausen.de\/wp-content\/uploads\/2021\/11\/Export-1.jpg\" data-rel=\"prettyPhoto[si_pretty_photo]\" title=\"\">\n                                    <img loading=\"lazy\" decoding=\"async\" src=\"https:\/\/gut-ettenhausen.de\/wp-content\/uploads\/2021\/11\/Export-1-400x250.jpg\" alt=\"\" width=\"400\" height=\"250\" \/>                                <\/a>\n            <\/div>\n<\/div>[\/vc_column][vc_column width=&#8220;1\/3&#8243;][vc_column_text]<\/p>\n<h6>Chipie<\/h6>\n<p>[\/vc_column_text][vc_empty_space height=&#8220;8px&#8220;]<div class=\"mkdf-single-image-holder  mkdf-has-shadow mkdf-image-behavior-lightbox\">\n    <div class=\"mkdf-si-inner\" >\n                    <a itemprop=\"image\" href=\"https:\/\/gut-ettenhausen.de\/wp-content\/uploads\/2021\/11\/Chipie.jpg\" data-rel=\"prettyPhoto[si_pretty_photo]\" title=\"Pferd Chipie\">\n                                    <img loading=\"lazy\" decoding=\"async\" src=\"https:\/\/gut-ettenhausen.de\/wp-content\/uploads\/2021\/11\/Chipie-400x250.jpg\" alt=\"Pferd Chipie\" width=\"400\" height=\"250\" \/>                                <\/a>\n            <\/div>\n<\/div>[\/vc_column][vc_column width=&#8220;1\/3&#8243;][vc_column_text]<\/p>\n<h6>Ronja<\/h6>\n<p>[\/vc_column_text][vc_empty_space height=&#8220;8px&#8220;]<div class=\"mkdf-single-image-holder  mkdf-has-shadow mkdf-image-behavior-lightbox\">\n    <div class=\"mkdf-si-inner\" >\n                    <a itemprop=\"image\" href=\"https:\/\/gut-ettenhausen.de\/wp-content\/uploads\/2021\/11\/Ronja.jpg\" data-rel=\"prettyPhoto[si_pretty_photo]\" title=\"Pferd Ronja\">\n                                    <img loading=\"lazy\" decoding=\"async\" src=\"https:\/\/gut-ettenhausen.de\/wp-content\/uploads\/2021\/11\/Ronja-400x250.jpg\" alt=\"Pferd Ronja\" width=\"400\" height=\"250\" \/>                                <\/a>\n            <\/div>\n<\/div>[\/vc_column][\/vc_row][vc_row][vc_column width=&#8220;1\/3&#8243;][vc_column_text]<\/p>\n<h6>Tino<\/h6>\n<p>[\/vc_column_text][vc_empty_space height=&#8220;8px&#8220;]<div class=\"mkdf-single-image-holder  mkdf-has-shadow mkdf-image-behavior-lightbox\">\n    <div class=\"mkdf-si-inner\" >\n                    <a itemprop=\"image\" href=\"https:\/\/gut-ettenhausen.de\/wp-content\/uploads\/2021\/11\/Tino.jpg\" data-rel=\"prettyPhoto[si_pretty_photo]\" title=\"Pferd Tino\">\n                                    <img loading=\"lazy\" decoding=\"async\" src=\"https:\/\/gut-ettenhausen.de\/wp-content\/uploads\/2021\/11\/Tino-400x250.jpg\" alt=\"Pferd Tino\" width=\"400\" height=\"250\" \/>                                <\/a>\n            <\/div>\n<\/div>[\/vc_column][vc_column width=&#8220;1\/3&#8243;][vc_column_text]<\/p>\n<h6>King<\/h6>\n<p>[\/vc_column_text][vc_empty_space height=&#8220;8px&#8220;]<div class=\"mkdf-single-image-holder  mkdf-has-shadow mkdf-image-behavior-lightbox\">\n    <div class=\"mkdf-si-inner\" >\n                    <a itemprop=\"image\" href=\"https:\/\/gut-ettenhausen.de\/wp-content\/uploads\/2021\/11\/King.jpg\" data-rel=\"prettyPhoto[si_pretty_photo]\" title=\"Pferd King\">\n                                    <img loading=\"lazy\" decoding=\"async\" src=\"https:\/\/gut-ettenhausen.de\/wp-content\/uploads\/2021\/11\/King-400x250.jpg\" alt=\"Pferd King\" width=\"400\" height=\"250\" \/>                                <\/a>\n            <\/div>\n<\/div>[\/vc_column][vc_column width=&#8220;1\/3&#8243;][vc_column_text]<\/p>\n<h6>Chica<\/h6>\n<p>[\/vc_column_text][vc_empty_space height=&#8220;8px&#8220;]<div class=\"mkdf-single-image-holder  mkdf-has-shadow mkdf-image-behavior-lightbox\">\n    <div class=\"mkdf-si-inner\" >\n                    <a itemprop=\"image\" href=\"https:\/\/gut-ettenhausen.de\/wp-content\/uploads\/2023\/08\/Chica-scaled.jpeg\" data-rel=\"prettyPhoto[si_pretty_photo]\" title=\"\">\n                                    <img loading=\"lazy\" decoding=\"async\" src=\"https:\/\/gut-ettenhausen.de\/wp-content\/uploads\/2023\/08\/Chica-scaled-400x250.jpeg\" alt=\"\" width=\"400\" height=\"250\" \/>                                <\/a>\n            <\/div>\n<\/div>[\/vc_column][\/vc_row][vc_row][vc_column width=&#8220;1\/3&#8243;][vc_column_text]<\/p>\n<h6>Butterfly<\/h6>\n<p>[\/vc_column_text][vc_empty_space height=&#8220;8px&#8220;]<div class=\"mkdf-single-image-holder  mkdf-has-shadow mkdf-image-behavior-lightbox\">\n    <div class=\"mkdf-si-inner\" >\n                    <a itemprop=\"image\" href=\"https:\/\/gut-ettenhausen.de\/wp-content\/uploads\/2023\/09\/Butterfly-scaled.jpg\" data-rel=\"prettyPhoto[si_pretty_photo]\" title=\"\">\n                                    <img loading=\"lazy\" decoding=\"async\" src=\"https:\/\/gut-ettenhausen.de\/wp-content\/uploads\/2023\/09\/Butterfly-scaled-400x250.jpg\" alt=\"\" width=\"400\" height=\"250\" \/>                                <\/a>\n            <\/div>\n<\/div>[\/vc_column][vc_column width=&#8220;1\/3&#8243;][vc_column_text]<\/p>\n<h6>Sam<\/h6>\n<p>[\/vc_column_text][vc_empty_space height=&#8220;8px&#8220;]<div class=\"mkdf-single-image-holder  mkdf-has-shadow mkdf-image-behavior-lightbox\">\n    <div class=\"mkdf-si-inner\" >\n                    <a itemprop=\"image\" href=\"https:\/\/gut-ettenhausen.de\/wp-content\/uploads\/2023\/08\/Sam-scaled.jpeg\" data-rel=\"prettyPhoto[si_pretty_photo]\" title=\"\">\n                                    <img loading=\"lazy\" decoding=\"async\" src=\"https:\/\/gut-ettenhausen.de\/wp-content\/uploads\/2023\/08\/Sam-scaled-400x250.jpeg\" alt=\"\" width=\"400\" height=\"250\" \/>                                <\/a>\n            <\/div>\n<\/div>[\/vc_column][vc_column width=&#8220;1\/3&#8243;][vc_column_text]<\/p>\n<h6>Grafity<\/h6>\n<p>[\/vc_column_text][vc_empty_space height=&#8220;8px&#8220;]<div class=\"mkdf-single-image-holder  mkdf-has-shadow mkdf-image-behavior-lightbox\">\n    <div class=\"mkdf-si-inner\" >\n                    <a itemprop=\"image\" href=\"https:\/\/gut-ettenhausen.de\/wp-content\/uploads\/2023\/08\/Grafiti-scaled.jpeg\" data-rel=\"prettyPhoto[si_pretty_photo]\" title=\"\">\n                                    <img loading=\"lazy\" decoding=\"async\" src=\"https:\/\/gut-ettenhausen.de\/wp-content\/uploads\/2023\/08\/Grafiti-scaled-400x250.jpeg\" alt=\"\" width=\"400\" height=\"250\" \/>                                <\/a>\n            <\/div>\n<\/div>[\/vc_column][\/vc_row]<\/p>\n<p>[vc_row][vc_column width=&#8220;1\/3&#8243;][vc_column_text]<\/p>\n<h6>Vroni<\/h6>\n<p>[\/vc_column_text][vc_empty_space height=&#8220;8px&#8220;]<div class=\"mkdf-single-image-holder  mkdf-has-shadow mkdf-image-behavior-lightbox\">\n    <div class=\"mkdf-si-inner\" >\n                    <a itemprop=\"image\" href=\"https:\/\/gut-ettenhausen.de\/wp-content\/uploads\/2025\/03\/Vroni-scaled.jpg\" data-rel=\"prettyPhoto[si_pretty_photo]\" title=\"\">\n                                    <img loading=\"lazy\" decoding=\"async\" src=\"https:\/\/gut-ettenhausen.de\/wp-content\/uploads\/2025\/03\/Vroni-scaled-400x250.jpg\" alt=\"\" width=\"400\" height=\"250\" \/>                                <\/a>\n            <\/div>\n<\/div>[\/vc_column][vc_column width=&#8220;1\/3&#8243;][vc_column_text]<\/p>\n<h6>Olivia<\/h6>\n<p>[\/vc_column_text][vc_empty_space height=&#8220;8px&#8220;]<div class=\"mkdf-single-image-holder  mkdf-has-shadow mkdf-image-behavior-lightbox\">\n    <div class=\"mkdf-si-inner\" >\n                    <a itemprop=\"image\" href=\"https:\/\/gut-ettenhausen.de\/wp-content\/uploads\/2024\/02\/olivia.jpeg\" data-rel=\"prettyPhoto[si_pretty_photo]\" title=\"Olivia\">\n                                    <img loading=\"lazy\" decoding=\"async\" src=\"https:\/\/gut-ettenhausen.de\/wp-content\/uploads\/2024\/02\/olivia-400x250.jpeg\" alt=\"Olivia\" width=\"400\" height=\"250\" \/>                                <\/a>\n            <\/div>\n<\/div>[\/vc_column][vc_column width=&#8220;1\/3&#8243;][vc_column_text]<\/p>\n<h6>Riva mit ihrem Fohlen Rosina<\/h6>\n<p>[\/vc_column_text][vc_empty_space height=&#8220;8px&#8220;]<div class=\"mkdf-single-image-holder  mkdf-has-shadow mkdf-image-behavior-lightbox\">\n    <div class=\"mkdf-si-inner\" >\n                    <a itemprop=\"image\" href=\"https:\/\/gut-ettenhausen.de\/wp-content\/uploads\/2024\/02\/riva.jpeg\" data-rel=\"prettyPhoto[si_pretty_photo]\" title=\"Riva\">\n                                    <img loading=\"lazy\" decoding=\"async\" src=\"https:\/\/gut-ettenhausen.de\/wp-content\/uploads\/2024\/02\/riva-400x250.jpeg\" alt=\"Riva\" width=\"400\" height=\"250\" \/>                                <\/a>\n            <\/div>\n<\/div>[\/vc_column][\/vc_row]<\/p>\n<p>&nbsp;<\/p>\n","protected":false},"excerpt":{"rendered":"<p>[vc_section][vc_row][vc_column][vc_column_text]Auf Gut Ettenhausen wohnen insgesamt 12 Schulpferde\/ Ponies, die bei unseren kleinen und gro\u00dfen Reitsch\u00fclern auf Ihren individuellen\u202f Leistungsstand, egal ob Einsteiger oder erfahrener Reiter, eingehen.\u00a0 Neben dem Schulbetrieb werden alle unsere Pferde t\u00e4glich f\u00fcr mehrere Stunden auf unsere Weiden [&hellip;]<\/p>\n","protected":false},"author":1,"featured_media":0,"parent":0,"menu_order":0,"comment_status":"closed","ping_status":"closed","template":"","meta":{"footnotes":""},"class_list":["post-329","page","type-page","status-publish","hentry"],"yoast_head":"<!-- This site is optimized with the Yoast SEO plugin v21.5 - https:\/\/yoast.com\/wordpress\/plugins\/seo\/ -->\n<title>Reitpferde - Gut Ettenhausen<\/title>\n<meta name=\"robots\" content=\"index, follow, max-snippet:-1, max-image-preview:large, max-video-preview:-1\" \/>\n<link rel=\"canonical\" href=\"https:\/\/gut-ettenhausen.de\/?page_id=329\" \/>\n<meta property=\"og:locale\" content=\"de_DE\" \/>\n<meta property=\"og:type\" content=\"article\" \/>\n<meta property=\"og:title\" content=\"Reitpferde - Gut Ettenhausen\" \/>\n<meta property=\"og:description\" content=\"[vc_section][vc_row][vc_column][vc_column_text]Auf Gut Ettenhausen wohnen insgesamt 12 Schulpferde\/ Ponies, die bei unseren kleinen und gro\u00dfen Reitsch\u00fclern auf Ihren individuellen\u202f Leistungsstand, egal ob Einsteiger oder erfahrener Reiter, eingehen.\u00a0 Neben dem Schulbetrieb werden alle unsere Pferde t\u00e4glich f\u00fcr mehrere Stunden auf unsere Weiden [&hellip;]\" \/>\n<meta property=\"og:url\" content=\"https:\/\/gut-ettenhausen.de\/?page_id=329\" \/>\n<meta property=\"og:site_name\" content=\"Gut Ettenhausen\" \/>\n<meta property=\"article:modified_time\" content=\"2025-09-01T16:39:56+00:00\" \/>\n<meta name=\"twitter:card\" content=\"summary_large_image\" \/>\n<meta name=\"twitter:label1\" content=\"Gesch\u00e4tzte Lesezeit\" \/>\n\t<meta name=\"twitter:data1\" content=\"1\u00a0Minute\" \/>\n<script type=\"application\/ld+json\" class=\"yoast-schema-graph\">{\"@context\":\"https:\/\/schema.org\",\"@graph\":[{\"@type\":\"WebPage\",\"@id\":\"https:\/\/gut-ettenhausen.de\/?page_id=329\",\"url\":\"https:\/\/gut-ettenhausen.de\/?page_id=329\",\"name\":\"Reitpferde - Gut Ettenhausen\",\"isPartOf\":{\"@id\":\"https:\/\/gut-ettenhausen.de\/#website\"},\"datePublished\":\"2021-11-13T21:29:26+00:00\",\"dateModified\":\"2025-09-01T16:39:56+00:00\",\"breadcrumb\":{\"@id\":\"https:\/\/gut-ettenhausen.de\/?page_id=329#breadcrumb\"},\"inLanguage\":\"de\",\"potentialAction\":[{\"@type\":\"ReadAction\",\"target\":[\"https:\/\/gut-ettenhausen.de\/?page_id=329\"]}]},{\"@type\":\"BreadcrumbList\",\"@id\":\"https:\/\/gut-ettenhausen.de\/?page_id=329#breadcrumb\",\"itemListElement\":[{\"@type\":\"ListItem\",\"position\":1,\"name\":\"Startseite\",\"item\":\"https:\/\/gut-ettenhausen.de\/\"},{\"@type\":\"ListItem\",\"position\":2,\"name\":\"Reitpferde\"}]},{\"@type\":\"WebSite\",\"@id\":\"https:\/\/gut-ettenhausen.de\/#website\",\"url\":\"https:\/\/gut-ettenhausen.de\/\",\"name\":\"Gut Ettenhausen\",\"description\":\"Website des Gut Ettenhausen\",\"potentialAction\":[{\"@type\":\"SearchAction\",\"target\":{\"@type\":\"EntryPoint\",\"urlTemplate\":\"https:\/\/gut-ettenhausen.de\/?s={search_term_string}\"},\"query-input\":\"required name=search_term_string\"}],\"inLanguage\":\"de\"}]}<\/script>\n<!-- \/ Yoast SEO plugin. -->","yoast_head_json":{"title":"Reitpferde - Gut Ettenhausen","robots":{"index":"index","follow":"follow","max-snippet":"max-snippet:-1","max-image-preview":"max-image-preview:large","max-video-preview":"max-video-preview:-1"},"canonical":"https:\/\/gut-ettenhausen.de\/?page_id=329","og_locale":"de_DE","og_type":"article","og_title":"Reitpferde - Gut Ettenhausen","og_description":"[vc_section][vc_row][vc_column][vc_column_text]Auf Gut Ettenhausen wohnen insgesamt 12 Schulpferde\/ Ponies, die bei unseren kleinen und gro\u00dfen Reitsch\u00fclern auf Ihren individuellen\u202f Leistungsstand, egal ob Einsteiger oder erfahrener Reiter, eingehen.\u00a0 Neben dem Schulbetrieb werden alle unsere Pferde t\u00e4glich f\u00fcr mehrere Stunden auf unsere Weiden [&hellip;]","og_url":"https:\/\/gut-ettenhausen.de\/?page_id=329","og_site_name":"Gut Ettenhausen","article_modified_time":"2025-09-01T16:39:56+00:00","twitter_card":"summary_large_image","twitter_misc":{"Gesch\u00e4tzte Lesezeit":"1\u00a0Minute"},"schema":{"@context":"https:\/\/schema.org","@graph":[{"@type":"WebPage","@id":"https:\/\/gut-ettenhausen.de\/?page_id=329","url":"https:\/\/gut-ettenhausen.de\/?page_id=329","name":"Reitpferde - Gut Ettenhausen","isPartOf":{"@id":"https:\/\/gut-ettenhausen.de\/#website"},"datePublished":"2021-11-13T21:29:26+00:00","dateModified":"2025-09-01T16:39:56+00:00","breadcrumb":{"@id":"https:\/\/gut-ettenhausen.de\/?page_id=329#breadcrumb"},"inLanguage":"de","potentialAction":[{"@type":"ReadAction","target":["https:\/\/gut-ettenhausen.de\/?page_id=329"]}]},{"@type":"BreadcrumbList","@id":"https:\/\/gut-ettenhausen.de\/?page_id=329#breadcrumb","itemListElement":[{"@type":"ListItem","position":1,"name":"Startseite","item":"https:\/\/gut-ettenhausen.de\/"},{"@type":"ListItem","position":2,"name":"Reitpferde"}]},{"@type":"WebSite","@id":"https:\/\/gut-ettenhausen.de\/#website","url":"https:\/\/gut-ettenhausen.de\/","name":"Gut Ettenhausen","description":"Website des Gut Ettenhausen","potentialAction":[{"@type":"SearchAction","target":{"@type":"EntryPoint","urlTemplate":"https:\/\/gut-ettenhausen.de\/?s={search_term_string}"},"query-input":"required name=search_term_string"}],"inLanguage":"de"}]}},"_links":{"self":[{"href":"https:\/\/gut-ettenhausen.de\/index.php?rest_route=\/wp\/v2\/pages\/329","targetHints":{"allow":["GET"]}}],"collection":[{"href":"https:\/\/gut-ettenhausen.de\/index.php?rest_route=\/wp\/v2\/pages"}],"about":[{"href":"https:\/\/gut-ettenhausen.de\/index.php?rest_route=\/wp\/v2\/types\/page"}],"author":[{"embeddable":true,"href":"https:\/\/gut-ettenhausen.de\/index.php?rest_route=\/wp\/v2\/users\/1"}],"replies":[{"embeddable":true,"href":"https:\/\/gut-ettenhausen.de\/index.php?rest_route=%2Fwp%2Fv2%2Fcomments&post=329"}],"version-history":[{"count":34,"href":"https:\/\/gut-ettenhausen.de\/index.php?rest_route=\/wp\/v2\/pages\/329\/revisions"}],"predecessor-version":[{"id":811,"href":"https:\/\/gut-ettenhausen.de\/index.php?rest_route=\/wp\/v2\/pages\/329\/revisions\/811"}],"wp:attachment":[{"href":"https:\/\/gut-ettenhausen.de\/index.php?rest_route=%2Fwp%2Fv2%2Fmedia&parent=329"}],"curies":[{"name":"wp","href":"https:\/\/api.w.org\/{rel}","templated":true}]}}