{"id":84,"date":"2021-10-04T20:44:22","date_gmt":"2021-10-04T20:44:22","guid":{"rendered":"https:\/\/gut-ettenhausen.website\/?page_id=84"},"modified":"2025-07-31T06:19:15","modified_gmt":"2025-07-31T06:19:15","slug":"home","status":"publish","type":"page","link":"https:\/\/gut-ettenhausen.de\/","title":{"rendered":"Home"},"content":{"rendered":"<p>[vc_row][vc_column][vc_column_text]<span data-contrast=\"auto\">Auf der Reitanlage Gut Ettenhausen haben Sie die M\u00f6glichkeit, Ihr Pferd in einer Innenbox, Fensterbox, Au\u00dfenbox oder in einer Paddockbox unterzubringen. Die Boxenpflege und F\u00fctterung der Pferde wird durch unsere tierfreundlichen und zuverl\u00e4ssigen Mitarbeiter mehrmals t\u00e4glich gewissenhaft erledigt. Dar\u00fcber hinaus, k\u00fcmmern wir uns auf Ihren Wunsch zus\u00e4tzlich um die Betreuung Ihres Pferdes (Weide-\/ Paddockgang, F\u00fchrmaschine etc.).<\/span><span data-ccp-props=\"{&quot;134233117&quot;:true,&quot;134233118&quot;:true,&quot;201341983&quot;:0,&quot;335559740&quot;:276}\">\u00a0<\/span><\/p>\n<p><span data-contrast=\"auto\">Neben vielen Reitm\u00f6glichkeiten, stehen den Pferden ganzj\u00e4hrig umz\u00e4unte Paddocks, eine \u00fcberdachte F\u00fchrmaschine, ein Solarium, ein Laufband, wie Weiden w\u00e4hrend der Weidesaison zur Verf\u00fcgung.<\/span><span data-ccp-props=\"{&quot;134233117&quot;:true,&quot;134233118&quot;:true,&quot;201341983&quot;:0,&quot;335559740&quot;:276}\">\u00a0<\/span><\/p>\n<p><span class=\"TextRun SCXW21418647 BCX0\" lang=\"DE-DE\" xml:lang=\"DE-DE\" data-contrast=\"auto\"><span class=\"NormalTextRun SCXW21418647 BCX0\">Mehrere<\/span><span class=\"NormalTextRun SCXW21418647 BCX0\"> Au\u00dfenpl\u00e4tze, <\/span><span class=\"NormalTextRun SCXW21418647 BCX0\">verschiedene <\/span><span class=\"NormalTextRun SCXW21418647 BCX0\">Reithalle<\/span><span class=\"NormalTextRun SCXW21418647 BCX0\">n aber auch<\/span><span class=\"NormalTextRun SCXW21418647 BCX0\"> ein <\/span><span class=\"NormalTextRun SCXW21418647 BCX0\">sch\u00f6nes <\/span><span class=\"NormalTextRun SCXW21418647 BCX0\">Ausreitgel\u00e4nde <\/span><span class=\"NormalTextRun SCXW21418647 BCX0\">vor Ort <\/span><span class=\"NormalTextRun SCXW21418647 BCX0\">bieten Reitern aller Disziplinen optimale Trainingsm\u00f6glichkeiten.<\/span><\/span><span class=\"EOP SCXW21418647 BCX0\" data-ccp-props=\"{&quot;201341983&quot;:0,&quot;335559738&quot;:204,&quot;335559739&quot;:160,&quot;335559740&quot;:276}\">\u00a0<\/span>[\/vc_column_text][\/vc_column][\/vc_row][vc_row el_class=&#8220;section-padding&#8220;][vc_column]<div class=\"mkdf-section-title-holder   mkdf-st-subtitle-pos-under\" style=\"text-align: center\">\n\t<div class=\"mkdf-st-inner\">\n\t\t\t\t\t\t\t<h4 class=\"mkdf-st-title\" >\n\t\t\t\tWir bieten Ihnen...\t\t\t<\/h4>\n\t\t\t\t<div class=\"mkdf-separator-holder clearfix  mkdf-separator-center \" >\n\t\t<div class=\"mkdf-separator\" style=\"width: 85px;border-bottom-width: 2px\"><\/div>\n\t<\/div>\n        \t\t\t<\/div>\n<\/div><div class=\"mkdf-pricing-tables clearfix mkdf-two-columns mkdf-tiny-space\"><div class=\"mkdf-pt-wrapper mkdf-outer-space\"><div class=\"mkdf-price-table mkdf-item-space \">\n\t<div class=\"mkdf-pt-inner\" >\n\t\t<ul>\n\t\t\t<li class=\"mkdf-pt-title-holder\" >\n\t\t\t\t\t                <span class=\"mkdf-pt-title\" >Reitanlage<\/span>\n\t\t\t\t\t\t\t<\/li>\n            <li class=\"mkdf-pt-content-bottom\" >\n            \t<ul>\n\t\t\t\t\t\t\t\t\t\t\t<li class=\"mkdf-pt-price-holder\">\n\t\t\t                <span class=\"mkdf-pt-value\" >$<\/span>\n\t\t\t                <span class=\"mkdf-pt-price\" >-<\/span>\n\t\t\t                <span class=\"mkdf-pt-mark\" ><\/span>\n\t\t\t            <\/li>\n\t                \t                <li class=\"mkdf-pt-content\">\n\t                    \n<ul>\n<li>\u00d6ffnungszeit t\u00e4glich von 05:00 &#8211; 23:00 Uhr<\/li>\n<li>Unterbringung Ihrer Pferde in sch\u00f6nen Boxen<\/li>\n<li>Video\u00fcberwachung der Anlage<\/li>\n<li>3 gro\u00dfe\u00a0Reithallen<\/li>\n<li>Au\u00dfenreitpl\u00e4tze mit Turnierma\u00dfen<\/li>\n<li>11 ha Weiden mit Selbsttr\u00e4nken<\/li>\n<li>Paddocks mit Lavasand<\/li>\n<li>2 Au\u00dfenpl\u00e4tze<\/li>\n<li>Solarium &amp; F\u00fchrmaschine<\/li>\n<li>Gro\u00dfz\u00fcgiges Ausreitgel\u00e4nde<\/li>\n<li>Zubuchbare Services f\u00fcr die Versorgung deines Pferdes<\/li>\n<\/ul>\n\t                <\/li>\n\t                \t            <\/ul>\n            <\/li>\n\t\t<\/ul>\n\t<\/div>\n<\/div><div class=\"mkdf-price-table mkdf-item-space \">\n\t<div class=\"mkdf-pt-inner\" >\n\t\t<ul>\n\t\t\t<li class=\"mkdf-pt-title-holder\" >\n\t\t\t\t\t                <span class=\"mkdf-pt-title\" >Reitschule<\/span>\n\t\t\t\t\t\t\t<\/li>\n            <li class=\"mkdf-pt-content-bottom\" >\n            \t<ul>\n\t\t\t\t\t\t\t\t\t\t\t<li class=\"mkdf-pt-price-holder\">\n\t\t\t                <span class=\"mkdf-pt-value\" >$<\/span>\n\t\t\t                <span class=\"mkdf-pt-price\" >100<\/span>\n\t\t\t                <span class=\"mkdf-pt-mark\" ><\/span>\n\t\t\t            <\/li>\n\t                \t                <li class=\"mkdf-pt-content\">\n\t                    \n<ul>\n<li>T\u00e4glicher Reitunterricht<\/li>\n<li>T\u00e4gliche Weiden &amp; Paddock Nutzung<\/li>\n<li>Zus\u00e4tzliche Halle f\u00fcr den Reitunterricht<\/li>\n<li>Reitbeteiligungen, Einzel- sowie Viererstunden<\/li>\n<li>Ferienangebote f\u00fcr Kinder und Jugendliche<\/li>\n<li>Lehrg\u00e4nge\/Reitabzeichen<\/li>\n<li>Nutzung der Au\u00dfenpl\u00e4tze<\/li>\n<li>Ausreitm\u00f6glichkeiten um die Reitanlage<\/li>\n<\/ul>\n\t                <\/li>\n\t                \t            <\/ul>\n            <\/li>\n\t\t<\/ul>\n\t<\/div>\n<\/div><\/div><\/div>[\/vc_column][\/vc_row][vc_row content_placement=&#8220;middle&#8220; el_class=&#8220;section-padding&#8220;][vc_column]<div class=\"mkdf-section-title-holder   mkdf-st-subtitle-pos-under\" style=\"text-align: center\">\n\t<div class=\"mkdf-st-inner\">\n\t\t\t\t\t\t\t<h4 class=\"mkdf-st-title\" >\n\t\t\t\tTermine\t\t\t<\/h4>\n\t\t\t\t<div class=\"mkdf-separator-holder clearfix  mkdf-separator-center \" >\n\t\t<div class=\"mkdf-separator\" style=\"width: 85px;border-bottom-width: 2px\"><\/div>\n\t<\/div>\n                    <h5 class=\"mkdf-st-subtitle\" >\n                Unsere anstehenden Termine auf Gut Ettenhausen            <\/h5>\n        \t\t\t<\/div>\n<\/div>[vc_empty_space height=&#8220;55px&#8220;]<div class=\"mkdf-event-list-holder mkdf-el-masonry mkdf-small-space mkdf-el-three-columns mkdf-el-pag-no-pagination     \"  data-type=masonry data-space-between-items=small data-number-of-items=-1 data-image-proportions=full data-orderby=start_date data-order=ASC data-event-status=upcoming data-title-tag=h5 data-title-text-transform=capitalize data-enable-start-date=no data-enable-location=yes data-enable-category=no data-enable-excerpt=no data-excerpt-length=20 data-pagination-type=no-pagination data-filter=no data-filter-order-by=name data-enable-article-animation=no data-event-slider-on=no data-enable-loop=yes data-enable-autoplay=yes data-slider-speed=5000 data-slider-speed-animation=600 data-enable-navigation=yes data-enable-pagination=yes data-max-num-pages=0 data-next-page=2>\n\t    <div class=\"mkdf-el-inner mkdf-outer-space  clearfix\">\n                    <div class=\"mkdf-el-grid-sizer\"><\/div>\n            <div class=\"mkdf-el-grid-gutter\"><\/div>\n        \t\t<p class=\"mkdf-el-not-found\">Sorry, no posts matched your criteria.<\/p>    <\/div>\n\n\t<\/div>[\/vc_column][\/vc_row][vc_row equal_height=&#8220;yes&#8220; content_placement=&#8220;middle&#8220; content_text_aligment=&#8220;center&#8220; el_class=&#8220;section-padding&#8220; el_id=&#8220;anfahrt&#8220;][vc_column]<div class=\"mkdf-section-title-holder   mkdf-st-subtitle-pos-under\" style=\"text-align: center\">\n\t<div class=\"mkdf-st-inner\">\n\t\t\t\t\t\t\t<h4 class=\"mkdf-st-title\" >\n\t\t\t\tAnfahrt\t\t\t<\/h4>\n\t\t\t\t<div class=\"mkdf-separator-holder clearfix  mkdf-separator-center \" >\n\t\t<div class=\"mkdf-separator\" style=\"width: 85px;border-bottom-width: 2px\"><\/div>\n\t<\/div>\n                    <h5 class=\"mkdf-st-subtitle\" >\n                Finden Sie Ihren Weg zum Gut Ettenhausen            <\/h5>\n        \t\t\t<\/div>\n<\/div>[vc_raw_html el_class=&#8220;section-padding&#8220;]JTNDaWZyYW1lJTIwc3JjJTNEJTIyaHR0cHMlM0ElMkYlMkZ3d3cuZ29vZ2xlLmNvbSUyRm1hcHMlMkZlbWJlZCUzRnBiJTNEJTIxMW0xNCUyMTFtOCUyMTFtMyUyMTFkMTAxMDEuMjkyNzAyMDQ4NDU5JTIxMmQ3LjE5MjYxMTglMjEzZDUwLjczMjQ5NDYlMjEzbTIlMjExaTEwMjQlMjEyaTc2OCUyMTRmMTMuMSUyMTNtMyUyMTFtMiUyMTFzMHgwJTI1M0EweDMxOGYwYjgyYzQ0NDMyM2UlMjEyc0d1dCUyNTIwRXR0ZW5oYXVzZW4lMjE1ZTAlMjEzbTIlMjExc2VuJTIxMnNkZSUyMTR2MTY0NDc1NTExMDU4MyUyMTVtMiUyMTFzZW4lMjEyc2RlJTIyJTIwd2lkdGglM0QlMjIxMDAlMjUlMjIlMjBoZWlnaHQlM0QlMjI0MDAlMjIlMjBzdHlsZSUzRCUyMmJvcmRlciUzQTAlM0IlMjIlMjBhbGxvd2Z1bGxzY3JlZW4lM0QlMjIlMjIlMjBsb2FkaW5nJTNEJTIybGF6eSUyMiUzRSUzQyUyRmlmcmFtZSUzRQ==[\/vc_raw_html][\/vc_column][\/vc_row][vc_row equal_height=&#8220;yes&#8220; content_placement=&#8220;top&#8220; el_class=&#8220;section-padding&#8220; el_id=&#8220;kontakt&#8220;][vc_column width=&#8220;1\/2&#8243;]<div class=\"mkdf-section-title-holder   mkdf-st-subtitle-pos-under\" style=\"text-align: left\">\n\t<div class=\"mkdf-st-inner\">\n\t\t\t\t\t\t\t<h4 class=\"mkdf-st-title\" >\n\t\t\t\tKontakt\t\t\t<\/h4>\n\t\t\t\t<div class=\"mkdf-separator-holder clearfix  mkdf-separator-left \" >\n\t\t<div class=\"mkdf-separator\" style=\"width: 85px;border-bottom-width: 2px\"><\/div>\n\t<\/div>\n                    <h5 class=\"mkdf-st-subtitle\" >\n                Nehmen Sie mit uns Kontakt auf            <\/h5>\n        \t\t\t<\/div>\n<\/div>[vc_column_text el_class=&#8220;section-padding&#8220;][\/vc_column_text]<div class=\"mkdf-single-image-holder   \">\n    <div class=\"mkdf-si-inner\" >\n                                    <img loading=\"lazy\" decoding=\"async\" width=\"691\" height=\"300\" src=\"https:\/\/gut-ettenhausen.de\/wp-content\/uploads\/2021\/10\/top_pic-zufahrt.jpeg\" class=\"attachment-full size-full\" alt=\"\" srcset=\"https:\/\/gut-ettenhausen.de\/wp-content\/uploads\/2021\/10\/top_pic-zufahrt.jpeg 691w, https:\/\/gut-ettenhausen.de\/wp-content\/uploads\/2021\/10\/top_pic-zufahrt-300x130.jpeg 300w, https:\/\/gut-ettenhausen.de\/wp-content\/uploads\/2021\/10\/top_pic-zufahrt-600x260.jpeg 600w\" sizes=\"auto, (max-width: 691px) 100vw, 691px\" \/>                        <\/div>\n<\/div>[\/vc_column][vc_column width=&#8220;1\/2&#8243;]\n<div class=\"wpcf7 no-js\" id=\"wpcf7-f738-o1\" lang=\"de-DE\" dir=\"ltr\" data-wpcf7-id=\"738\">\n<div class=\"screen-reader-response\"><p role=\"status\" aria-live=\"polite\" aria-atomic=\"true\"><\/p> <ul><\/ul><\/div>\n<form action=\"\/index.php?rest_route=%2Fwp%2Fv2%2Fpages%2F84#wpcf7-f738-o1\" method=\"post\" class=\"wpcf7-form init\" aria-label=\"Kontaktformular\" novalidate=\"novalidate\" data-status=\"init\">\n<fieldset class=\"hidden-fields-container\"><input type=\"hidden\" name=\"_wpcf7\" value=\"738\" \/><input type=\"hidden\" name=\"_wpcf7_version\" value=\"6.1.5\" \/><input type=\"hidden\" name=\"_wpcf7_locale\" value=\"de_DE\" \/><input type=\"hidden\" name=\"_wpcf7_unit_tag\" value=\"wpcf7-f738-o1\" \/><input type=\"hidden\" name=\"_wpcf7_container_post\" value=\"0\" \/><input type=\"hidden\" name=\"_wpcf7_posted_data_hash\" value=\"\" \/><input type=\"hidden\" name=\"_wpcf7_recaptcha_response\" value=\"\" \/>\n<\/fieldset>\n<p><label> Dein Name<br \/>\n<span class=\"wpcf7-form-control-wrap\" data-name=\"your-name\"><input size=\"40\" maxlength=\"400\" class=\"wpcf7-form-control wpcf7-text wpcf7-validates-as-required\" autocomplete=\"name\" aria-required=\"true\" aria-invalid=\"false\" value=\"\" type=\"text\" name=\"your-name\" \/><\/span> <\/label>\n<\/p>\n<p><label> Deine E-Mail-Adresse<br \/>\n<span class=\"wpcf7-form-control-wrap\" data-name=\"your-email\"><input size=\"40\" maxlength=\"400\" class=\"wpcf7-form-control wpcf7-email wpcf7-validates-as-required wpcf7-text wpcf7-validates-as-email\" autocomplete=\"email\" aria-required=\"true\" aria-invalid=\"false\" value=\"\" type=\"email\" name=\"your-email\" \/><\/span> <\/label><br \/>\n<label>Empf\u00e4nger<br \/>\n<span class=\"wpcf7-form-control-wrap\" data-name=\"menu-784\"><select class=\"wpcf7-form-control wpcf7-select wpcf7-validates-as-required\" aria-required=\"true\" aria-invalid=\"false\" name=\"menu-784\"><option value=\"\">&#8211; Bitte ausw\u00e4hlen &#8211;<\/option><option value=\"Reitschule\">Reitschule<\/option><option value=\"Reitanlage\">Reitanlage<\/option><\/select><\/span><br \/>\n<\/label>\n<\/p>\n<p><label> Deine Nachricht<br \/>\n<span class=\"wpcf7-form-control-wrap\" data-name=\"your-message\"><textarea cols=\"40\" rows=\"10\" maxlength=\"2000\" class=\"wpcf7-form-control wpcf7-textarea wpcf7-validates-as-required\" aria-required=\"true\" aria-invalid=\"false\" name=\"your-message\"><\/textarea><\/span> <\/label>\n<\/p>\n<p><input class=\"wpcf7-form-control wpcf7-submit has-spinner\" type=\"submit\" value=\"Senden\" \/>\n<\/p><p style=\"display: none !important;\"><label>&#916;<textarea name=\"_wpcf7_ak_hp_textarea\" cols=\"45\" rows=\"8\" maxlength=\"100\"><\/textarea><\/label><input type=\"hidden\" id=\"ak_js_1\" name=\"_wpcf7_ak_js\" value=\"205\"\/><script>document.getElementById( \"ak_js_1\" ).setAttribute( \"value\", ( new Date() ).getTime() );<\/script><\/p><div class=\"wpcf7-response-output\" aria-hidden=\"true\"><\/div>\n<\/form>\n<\/div>\n[\/vc_column][\/vc_row]<\/p>\n","protected":false},"excerpt":{"rendered":"<p>[vc_row][vc_column][vc_column_text]Auf der Reitanlage Gut Ettenhausen haben Sie die M\u00f6glichkeit, Ihr Pferd in einer Innenbox, Fensterbox, Au\u00dfenbox oder in einer Paddockbox unterzubringen. Die Boxenpflege und F\u00fctterung der Pferde wird durch unsere tierfreundlichen und zuverl\u00e4ssigen Mitarbeiter mehrmals t\u00e4glich gewissenhaft erledigt. Dar\u00fcber hinaus, [&hellip;]<\/p>\n","protected":false},"author":1,"featured_media":0,"parent":0,"menu_order":0,"comment_status":"closed","ping_status":"closed","template":"","meta":{"footnotes":""},"class_list":["post-84","page","type-page","status-publish","hentry"],"yoast_head":"<!-- This site is optimized with the Yoast SEO plugin v21.5 - https:\/\/yoast.com\/wordpress\/plugins\/seo\/ -->\n<title>Home - Gut Ettenhausen<\/title>\n<meta name=\"description\" content=\"Reitanlage und Reitschule Gut Ettenhausen bei Bonn. Bei uns erhalten Sie das Rundum Paket f\u00fcr Ihr Pferd\" \/>\n<meta name=\"robots\" content=\"index, follow, max-snippet:-1, max-image-preview:large, max-video-preview:-1\" \/>\n<link rel=\"canonical\" href=\"https:\/\/gut-ettenhausen.de\/\" \/>\n<meta property=\"og:locale\" content=\"de_DE\" \/>\n<meta property=\"og:type\" content=\"article\" \/>\n<meta property=\"og:title\" content=\"Home - Gut Ettenhausen\" \/>\n<meta property=\"og:description\" content=\"Reitanlage und Reitschule Gut Ettenhausen bei Bonn. Bei uns erhalten Sie das Rundum Paket f\u00fcr Ihr Pferd\" \/>\n<meta property=\"og:url\" content=\"https:\/\/gut-ettenhausen.de\/\" \/>\n<meta property=\"og:site_name\" content=\"Gut Ettenhausen\" \/>\n<meta property=\"article:modified_time\" content=\"2025-07-31T06:19:15+00:00\" \/>\n<meta name=\"twitter:card\" content=\"summary_large_image\" \/>\n<meta name=\"twitter:label1\" content=\"Gesch\u00e4tzte Lesezeit\" \/>\n\t<meta name=\"twitter:data1\" content=\"2\u00a0Minuten\" \/>\n<script type=\"application\/ld+json\" class=\"yoast-schema-graph\">{\"@context\":\"https:\/\/schema.org\",\"@graph\":[{\"@type\":\"WebPage\",\"@id\":\"https:\/\/gut-ettenhausen.de\/\",\"url\":\"https:\/\/gut-ettenhausen.de\/\",\"name\":\"Home - Gut Ettenhausen\",\"isPartOf\":{\"@id\":\"https:\/\/gut-ettenhausen.de\/#website\"},\"datePublished\":\"2021-10-04T20:44:22+00:00\",\"dateModified\":\"2025-07-31T06:19:15+00:00\",\"description\":\"Reitanlage und Reitschule Gut Ettenhausen bei Bonn. Bei uns erhalten Sie das Rundum Paket f\u00fcr Ihr Pferd\",\"breadcrumb\":{\"@id\":\"https:\/\/gut-ettenhausen.de\/#breadcrumb\"},\"inLanguage\":\"de\",\"potentialAction\":[{\"@type\":\"ReadAction\",\"target\":[\"https:\/\/gut-ettenhausen.de\/\"]}]},{\"@type\":\"BreadcrumbList\",\"@id\":\"https:\/\/gut-ettenhausen.de\/#breadcrumb\",\"itemListElement\":[{\"@type\":\"ListItem\",\"position\":1,\"name\":\"Startseite\",\"item\":\"https:\/\/gut-ettenhausen.de\/\"},{\"@type\":\"ListItem\",\"position\":2,\"name\":\"Home\"}]},{\"@type\":\"WebSite\",\"@id\":\"https:\/\/gut-ettenhausen.de\/#website\",\"url\":\"https:\/\/gut-ettenhausen.de\/\",\"name\":\"Gut Ettenhausen\",\"description\":\"Website des Gut Ettenhausen\",\"potentialAction\":[{\"@type\":\"SearchAction\",\"target\":{\"@type\":\"EntryPoint\",\"urlTemplate\":\"https:\/\/gut-ettenhausen.de\/?s={search_term_string}\"},\"query-input\":\"required name=search_term_string\"}],\"inLanguage\":\"de\"}]}<\/script>\n<!-- \/ Yoast SEO plugin. -->","yoast_head_json":{"title":"Home - Gut Ettenhausen","description":"Reitanlage und Reitschule Gut Ettenhausen bei Bonn. Bei uns erhalten Sie das Rundum Paket f\u00fcr Ihr Pferd","robots":{"index":"index","follow":"follow","max-snippet":"max-snippet:-1","max-image-preview":"max-image-preview:large","max-video-preview":"max-video-preview:-1"},"canonical":"https:\/\/gut-ettenhausen.de\/","og_locale":"de_DE","og_type":"article","og_title":"Home - Gut Ettenhausen","og_description":"Reitanlage und Reitschule Gut Ettenhausen bei Bonn. Bei uns erhalten Sie das Rundum Paket f\u00fcr Ihr Pferd","og_url":"https:\/\/gut-ettenhausen.de\/","og_site_name":"Gut Ettenhausen","article_modified_time":"2025-07-31T06:19:15+00:00","twitter_card":"summary_large_image","twitter_misc":{"Gesch\u00e4tzte Lesezeit":"2\u00a0Minuten"},"schema":{"@context":"https:\/\/schema.org","@graph":[{"@type":"WebPage","@id":"https:\/\/gut-ettenhausen.de\/","url":"https:\/\/gut-ettenhausen.de\/","name":"Home - Gut Ettenhausen","isPartOf":{"@id":"https:\/\/gut-ettenhausen.de\/#website"},"datePublished":"2021-10-04T20:44:22+00:00","dateModified":"2025-07-31T06:19:15+00:00","description":"Reitanlage und Reitschule Gut Ettenhausen bei Bonn. Bei uns erhalten Sie das Rundum Paket f\u00fcr Ihr Pferd","breadcrumb":{"@id":"https:\/\/gut-ettenhausen.de\/#breadcrumb"},"inLanguage":"de","potentialAction":[{"@type":"ReadAction","target":["https:\/\/gut-ettenhausen.de\/"]}]},{"@type":"BreadcrumbList","@id":"https:\/\/gut-ettenhausen.de\/#breadcrumb","itemListElement":[{"@type":"ListItem","position":1,"name":"Startseite","item":"https:\/\/gut-ettenhausen.de\/"},{"@type":"ListItem","position":2,"name":"Home"}]},{"@type":"WebSite","@id":"https:\/\/gut-ettenhausen.de\/#website","url":"https:\/\/gut-ettenhausen.de\/","name":"Gut Ettenhausen","description":"Website des Gut Ettenhausen","potentialAction":[{"@type":"SearchAction","target":{"@type":"EntryPoint","urlTemplate":"https:\/\/gut-ettenhausen.de\/?s={search_term_string}"},"query-input":"required name=search_term_string"}],"inLanguage":"de"}]}},"_links":{"self":[{"href":"https:\/\/gut-ettenhausen.de\/index.php?rest_route=\/wp\/v2\/pages\/84","targetHints":{"allow":["GET"]}}],"collection":[{"href":"https:\/\/gut-ettenhausen.de\/index.php?rest_route=\/wp\/v2\/pages"}],"about":[{"href":"https:\/\/gut-ettenhausen.de\/index.php?rest_route=\/wp\/v2\/types\/page"}],"author":[{"embeddable":true,"href":"https:\/\/gut-ettenhausen.de\/index.php?rest_route=\/wp\/v2\/users\/1"}],"replies":[{"embeddable":true,"href":"https:\/\/gut-ettenhausen.de\/index.php?rest_route=%2Fwp%2Fv2%2Fcomments&post=84"}],"version-history":[{"count":58,"href":"https:\/\/gut-ettenhausen.de\/index.php?rest_route=\/wp\/v2\/pages\/84\/revisions"}],"predecessor-version":[{"id":808,"href":"https:\/\/gut-ettenhausen.de\/index.php?rest_route=\/wp\/v2\/pages\/84\/revisions\/808"}],"wp:attachment":[{"href":"https:\/\/gut-ettenhausen.de\/index.php?rest_route=%2Fwp%2Fv2%2Fmedia&parent=84"}],"curies":[{"name":"wp","href":"https:\/\/api.w.org\/{rel}","templated":true}]}}